{"id":2126,"date":"2018-10-26T10:25:51","date_gmt":"2018-10-26T08:25:51","guid":{"rendered":"https:\/\/hotellesevigne.fr\/le-sevigne-hostel\/a-3-star-hotel-in-rennes-train-station\/"},"modified":"2018-11-15T15:28:03","modified_gmt":"2018-11-15T14:28:03","slug":"a-3-star-hotel-in-rennes-train-station","status":"publish","type":"page","link":"https:\/\/hotellesevigne.fr\/en\/le-sevigne-hostel\/a-3-star-hotel-in-rennes-train-station\/","title":{"rendered":"A 3 star hotel in Rennes train station"},"content":{"rendered":"<div class=\"wpb-content-wrapper\"><p>[vc_row][vc_column][vc_single_image image=&#8221;1265&#8243; img_size=&#8221;full&#8221; alignment=&#8221;center&#8221;][\/vc_column][\/vc_row][vc_row][vc_column][vc_column_text]<\/p>\n<h1 style=\"text-align: left;\">A charming hotel near the Rennes Train Station<\/h1>\n<h2 style=\"text-align: left;\">An hour thirty away from Paris by train with the Rennes high-speed train line (LGV)<\/h2>\n<p style=\"text-align: left;\">Located a few steps away from the Rennes train station, our 3-star hotel benefits from an exceptional location to accommodate business and leisure travellers. Less than an hour and thirty minutes away from Paris, the H\u00f4tel Le S\u00e9vign\u00e9 offers you a perfect location for your weekends in Brittany\u2019s capital.\u00a0 You will also enjoy the proximity of the hotel to many restaurants and cultural activities.<\/p>\n<h2 style=\"text-align: left;\">At the heart of the future Euro Rennes district<\/h2>\n<p style=\"text-align: left;\">By 2025, the train station district, Euro Rennes, will include 120,000 m<sup>2<\/sup> of office space, 60,000 m<sup>2<\/sup> of housing and 5,000 m<sup>2 <\/sup>of shops. This district, which is undergoing a profound metamorphosis, will also host in 2020 the second line of the Rennes metro: line b.<\/p>\n<p style=\"text-align: left;\">The H\u00f4tel Le S\u00e9vign\u00e9 is located in the heart of Euro Rennes and a walk away from the main offices and shops.<\/p>\n<p>[\/vc_column_text][vc_empty_space height=&#8221;40px&#8221;][\/vc_column][\/vc_row][vc_section full_width=&#8221;stretch_row&#8221; css=&#8221;.vc_custom_1522230168244{padding-top: 0px !important;background-color: #f5f9f8 !important;}&#8221;][vc_row full_width=&#8221;stretch_row&#8221; css=&#8221;.vc_custom_1522230117292{margin-bottom: 40px !important;}&#8221;][vc_column][vc_google_map title=&#8221;IN THE HEART OF RENNES NEAR THE LGV STATION&#8221;]<span style=\"font-size: 14pt;\"><strong>H\u00f4tel LE SEVIGNE<\/strong><\/span><br \/>\n47 Bis Avenue Jean Janvier<\/p>\n<p>35000 RENNES<\/p>\n<p>T\u00e9l\u00e9phone : 02.99.67.27.55<\/p>\n<p>email : hotellesevigne@free.fr<\/p>\n<p><strong><span style=\"font-size: 12pt;\">\u00c0 proximit\u00e9<\/span><\/strong><\/p>\n<ul>\n<li>TNB : 400 m<\/li>\n<li>Libert\u00e9 : 400 m<\/li>\n<li>Palais des Congr\u00e8s : 1,5 km<\/li>\n<li>Gare : 250 m<\/li>\n<\/ul>\n<p><span style=\"font-size: 12pt;\"><strong>Acc\u00e8s<\/strong><\/span><\/p>\n<ul>\n<li><a href=\"http:\/\/www.star.fr\/\" target=\"_blank\" rel=\"noopener\">M\u00e9tro A (arr\u00eat Gare)<\/a><\/li>\n<li><a href=\"http:\/\/www.star.fr\/\" target=\"_blank\" rel=\"noopener\">Bus n\u00b0 C1, C2, 11, 208, 41 ex, 203,207 (&#8220;arr\u00eat Gare&#8221; \/ Gare routi\u00e8re)<\/a><\/li>\n<li>Voiture : Stationnement parking de la gare ou Charles de Gaulle<\/li>\n<li><a href=\"https:\/\/www.levelostar.fr\/\" target=\"_blank\" rel=\"noopener\">V\u00e9lo STAR : Station avenue Janvier<\/a><\/li>\n<\/ul>\n<p>[\/vc_google_map][\/vc_column][\/vc_row][\/vc_section][vc_row][vc_column][vc_empty_space height=&#8221;40px&#8221;][\/vc_column][\/vc_row]<\/p>\n<\/div>","protected":false},"excerpt":{"rendered":"<p>[vc_row][vc_column][vc_single_image image=&#8221;1265&#8243; img_size=&#8221;full&#8221; alignment=&#8221;center&#8221;][\/vc_column][\/vc_row][vc_row][vc_column][vc_column_text] A charming hotel near the Rennes Train Station An hour thirty away from Paris by train with the Rennes high-speed train line<span class=\"excerpt-hellip\"> [\u2026]<\/span><\/p>\n","protected":false},"author":1,"featured_media":4133,"parent":1325,"menu_order":210,"comment_status":"closed","ping_status":"closed","template":"","meta":{"_acf_changed":false,"footnotes":""},"class_list":["post-2126","page","type-page","status-publish","has-post-thumbnail","hentry"],"acf":[],"aioseo_notices":[],"_links":{"self":[{"href":"https:\/\/hotellesevigne.fr\/en\/wp-json\/wp\/v2\/pages\/2126","targetHints":{"allow":["GET"]}}],"collection":[{"href":"https:\/\/hotellesevigne.fr\/en\/wp-json\/wp\/v2\/pages"}],"about":[{"href":"https:\/\/hotellesevigne.fr\/en\/wp-json\/wp\/v2\/types\/page"}],"author":[{"embeddable":true,"href":"https:\/\/hotellesevigne.fr\/en\/wp-json\/wp\/v2\/users\/1"}],"replies":[{"embeddable":true,"href":"https:\/\/hotellesevigne.fr\/en\/wp-json\/wp\/v2\/comments?post=2126"}],"version-history":[{"count":10,"href":"https:\/\/hotellesevigne.fr\/en\/wp-json\/wp\/v2\/pages\/2126\/revisions"}],"predecessor-version":[{"id":3032,"href":"https:\/\/hotellesevigne.fr\/en\/wp-json\/wp\/v2\/pages\/2126\/revisions\/3032"}],"up":[{"embeddable":true,"href":"https:\/\/hotellesevigne.fr\/en\/wp-json\/wp\/v2\/pages\/1325"}],"wp:featuredmedia":[{"embeddable":true,"href":"https:\/\/hotellesevigne.fr\/en\/wp-json\/wp\/v2\/media\/4133"}],"wp:attachment":[{"href":"https:\/\/hotellesevigne.fr\/en\/wp-json\/wp\/v2\/media?parent=2126"}],"curies":[{"name":"wp","href":"https:\/\/api.w.org\/{rel}","templated":true}]}}