{"id":2440,"date":"2018-10-29T10:13:48","date_gmt":"2018-10-29T09:13:48","guid":{"rendered":"https:\/\/hotellesevigne.fr\/access\/"},"modified":"2018-11-15T15:49:19","modified_gmt":"2018-11-15T14:49:19","slug":"access","status":"publish","type":"page","link":"https:\/\/hotellesevigne.fr\/en\/access\/","title":{"rendered":"Access"},"content":{"rendered":"<div class=\"wpb-content-wrapper\"><p>[vc_row][vc_column][vc_column_text]<\/p>\n<h1>Access Hotel le S\u00e9vign\u00e9 in Rennes<\/h1>\n<p>[\/vc_column_text][vc_google_map title=&#8221; &#8220;]<\/p>\n<h3>H\u00f4tel LE SEVIGNE<\/h3>\n<p>47 Bis Avenue Jean Janvier<\/p>\n<p>35000 RENNES<\/p>\n<p>T\u00e9l\u00e9phone : 02.99.67.27.55<\/p>\n<p>email : hotellesevigne@free.fr<\/p>\n<p>&nbsp;<\/p>\n<h3>\u00c0 proximit\u00e9 de l&#8217;h\u00f4tel 3 \u00e9toiles<\/h3>\n<ul>\n<li>TNB : 400 m<\/li>\n<li>Libert\u00e9 : 400 m<\/li>\n<li>Palais des Congr\u00e8s : 1,5 km<\/li>\n<li>Gare : 250 m<\/li>\n<\/ul>\n<h3>Acc\u00e8s<\/h3>\n<ul>\n<li><a href=\"http:\/\/www.star.fr\/\" target=\"_blank\" rel=\"noopener\">M\u00e9tro A (arr\u00eat Gare)<\/a><\/li>\n<li><a href=\"http:\/\/www.star.fr\/\" target=\"_blank\" rel=\"noopener\">Bus n\u00b0 C1, C2, 11, 208, 41 ex, 203,207 (&#8220;arr\u00eat Gare&#8221; \/ Gare routi\u00e8re)<\/a><\/li>\n<li>Voiture : Stationnement parking de la gare ou Charles de Gaulle<\/li>\n<li><a href=\"https:\/\/www.levelostar.fr\/\" target=\"_blank\" rel=\"noopener\">V\u00e9lo STAR : Station avenue Janvier<\/a><\/li>\n<\/ul>\n<p>[\/vc_google_map][vc_empty_space height=&#8221;50px&#8221;][\/vc_column][\/vc_row][vc_row][vc_column][vc_column_text][\/vc_column_text][\/vc_column][\/vc_row][vc_row][vc_column][vc_column_text]Ideally located near the Rennes train station and a few steps from the city center, the hotel S\u00e9vign\u00e9 is very easy to access. Our location allows you to easily reach the hotel or residence:<\/p>\n<ul>\n<li>Arriving at Rennes station<br \/>\nBy Metro<br \/>\nBy bus<br \/>\nBy car<\/li>\n<\/ul>\n<p>Rennes is a dynamic on a human scale. Do not hesitate to discover the places or go out in Rennes<\/p>\n<p>&nbsp;[\/vc_column_text][\/vc_column][\/vc_row]<\/p>\n<\/div>","protected":false},"excerpt":{"rendered":"<p>[vc_row][vc_column][vc_column_text] Access Hotel le S\u00e9vign\u00e9 in Rennes [\/vc_column_text][vc_google_map title=&#8221; &#8220;] H\u00f4tel LE SEVIGNE 47 Bis Avenue Jean Janvier 35000 RENNES T\u00e9l\u00e9phone : 02.99.67.27.55 email : hotellesevigne@free.fr<span class=\"excerpt-hellip\"> [\u2026]<\/span><\/p>\n","protected":false},"author":1,"featured_media":0,"parent":0,"menu_order":520,"comment_status":"closed","ping_status":"closed","template":"","meta":{"_acf_changed":false,"footnotes":""},"class_list":["post-2440","page","type-page","status-publish","hentry"],"acf":[],"aioseo_notices":[],"_links":{"self":[{"href":"https:\/\/hotellesevigne.fr\/en\/wp-json\/wp\/v2\/pages\/2440","targetHints":{"allow":["GET"]}}],"collection":[{"href":"https:\/\/hotellesevigne.fr\/en\/wp-json\/wp\/v2\/pages"}],"about":[{"href":"https:\/\/hotellesevigne.fr\/en\/wp-json\/wp\/v2\/types\/page"}],"author":[{"embeddable":true,"href":"https:\/\/hotellesevigne.fr\/en\/wp-json\/wp\/v2\/users\/1"}],"replies":[{"embeddable":true,"href":"https:\/\/hotellesevigne.fr\/en\/wp-json\/wp\/v2\/comments?post=2440"}],"version-history":[{"count":8,"href":"https:\/\/hotellesevigne.fr\/en\/wp-json\/wp\/v2\/pages\/2440\/revisions"}],"predecessor-version":[{"id":3088,"href":"https:\/\/hotellesevigne.fr\/en\/wp-json\/wp\/v2\/pages\/2440\/revisions\/3088"}],"wp:attachment":[{"href":"https:\/\/hotellesevigne.fr\/en\/wp-json\/wp\/v2\/media?parent=2440"}],"curies":[{"name":"wp","href":"https:\/\/api.w.org\/{rel}","templated":true}]}}