{"id":2715,"date":"2018-10-30T10:40:05","date_gmt":"2018-10-30T09:40:05","guid":{"rendered":"https:\/\/hotellesevigne.fr\/alojamiento\/las-habitaciones-del-hotel\/habitacion-individual\/"},"modified":"2018-11-15T15:41:22","modified_gmt":"2018-11-15T14:41:22","slug":"habitacion-individual","status":"publish","type":"page","link":"https:\/\/hotellesevigne.fr\/es\/alojamiento\/las-habitaciones-del-hotel\/habitacion-individual\/","title":{"rendered":"HABITACI\u00d3N INDIVIDUAL"},"content":{"rendered":"<div class=\"wpb-content-wrapper\"><p>[vc_row][vc_column][vc_column_text]<\/p>\n<h1>HABITACI\u00d3N INDIVIDUAL &#8211;\u00a0Hotel 3 estrellas Le S\u00e9vign\u00e9<\/h1>\n<p>[\/vc_column_text][vc_empty_space height=\u00bb20px\u00bb][layerslider_vc id=\u00bb3&#8243;][vc_column_text]<\/p>\n<h2 style=\"text-align: left;\">DESCRIPCI\u00d3N DE LA HABITACI\u00d3N<\/h2>\n<p>[\/vc_column_text][vc_empty_space height=\u00bb20px\u00bb][vc_column_text]<\/p>\n<p style=\"text-align: left;\">\u00a1Disfruta de un precio barato con una peque\u00f1a cama! Equipada con una cama de 90 o de 110 cm, la habitaci\u00f3n standard single dispone de todas las comodidades necesarias para tus cortas estancias por negocios o placer.<\/p>\n<p>[\/vc_column_text][vc_column_text]<\/p>\n<h2 style=\"text-align: left;\">INSTALACIONES DE LA HABITACI\u00d3N<\/h2>\n<p>[\/vc_column_text][vc_empty_space height=\u00bb20px\u00bb][\/vc_column][\/vc_row][vc_row][vc_column width=\u00bb1\/3&#8243;][vc_column_text]<\/p>\n<ul>\n<li>Cama de 90cm o de 110cm<\/li>\n<li>Escritorio<\/li>\n<li>Armario<\/li>\n<\/ul>\n<p>[\/vc_column_text][\/vc_column][vc_column width=\u00bb1\/3&#8243;][vc_column_text]<\/p>\n<ul>\n<li>Ducha<\/li>\n<li>Secador de pelo<\/li>\n<li>Calentador de toallas<\/li>\n<\/ul>\n<p>[\/vc_column_text][\/vc_column][vc_column width=\u00bb1\/3&#8243;][vc_column_text]<\/p>\n<ul>\n<li>Tel\u00e9fono<\/li>\n<li>TV de pantalla plana<\/li>\n<li>beIN \/ Canal +<\/li>\n<\/ul>\n<p>[\/vc_column_text][\/vc_column][\/vc_row][vc_row][vc_column][vc_column_text]<\/p>\n<h2 style=\"text-align: left;\">SERVICIOS DEL HOTEL<\/h2>\n<p>[\/vc_column_text][\/vc_column][\/vc_row][vc_row][vc_column width=\u00bb1\/3&#8243;][vc_column_text]<\/p>\n<ul>\n<li>Recepci\u00f3n abierta 7 d\u00edas a la semana, 24 horas al d\u00eda<\/li>\n<li>Servicio despertador<\/li>\n<li>Sala de equipajes<\/li>\n<\/ul>\n<p>[\/vc_column_text][\/vc_column][vc_column width=\u00bb1\/3&#8243;][vc_column_text]<\/p>\n<ul>\n<li>Ascensor<\/li>\n<li>Wi-Fi gratuito<\/li>\n<li>Aire acondicionado<\/li>\n<\/ul>\n<p>[\/vc_column_text][\/vc_column][vc_column width=\u00bb1\/3&#8243;][vc_column_text]<\/p>\n<ul>\n<li>Restaurantes cercanos<\/li>\n<li>Aparcamiento p\u00fablico a 200 metros<\/li>\n<\/ul>\n<p>[\/vc_column_text][\/vc_column][\/vc_row][vc_row][vc_column][vc_empty_space height=\u00bb40px\u00bb][\/vc_column][\/vc_row][vc_section full_width=\u00bbstretch_row\u00bb css=\u00bb.vc_custom_1521869173638{padding-top: 0px !important;padding-bottom: 50px !important;background-color: #f5f9f8 !important;}\u00bb][vc_row full_width=\u00bbstretch_row\u00bb][vc_column][vc_column_text]<\/p>\n<h2 style=\"text-align: center;\">NUESTRAS OTRAS HABITACIONES<\/h2>\n<p>[\/vc_column_text][\/vc_column][\/vc_row][vc_row][vc_column width=\u00bb1\/4&#8243;][vc_page_custom title=\u00bbHABITACI\u00d3N DOBLE\u00bb page_id=\u00bb246&#8243; orientation=\u00bbvertical\u00bb link_text=\u00bbAPRENDER M\u00c1S\t\u00bb background_color_value=\u00bbwhite\u00bb box_height=\u00bbadaptative\u00bb]<\/p>\n<p style=\"text-align: center;\"><span style=\"font-size: 14pt;\">Desde <strong>58\u20ac<\/strong><\/span><\/p>\n<p>[\/vc_page_custom][\/vc_column][vc_column width=\u00bb1\/4&#8243;][vc_page_custom title=\u00bbHABITACI\u00d3N COMODIDAD\u00bb page_id=\u00bb245&#8243; orientation=\u00bbvertical\u00bb link_text=\u00bbAPRENDER M\u00c1S\t\u00bb background_color_value=\u00bbwhite\u00bb box_height=\u00bbadaptative\u00bb]<\/p>\n<p style=\"text-align: center;\"><span style=\"font-size: 14pt;\">Desde <strong>63\u20ac<\/strong><\/span><\/p>\n<p>[\/vc_page_custom][\/vc_column][vc_column width=\u00bb1\/4&#8243;][vc_page_custom title=\u00bbHABITACI\u00d3N GRAN COMODIDAD\u00bb page_id=\u00bb244&#8243; orientation=\u00bbvertical\u00bb link_text=\u00bbAPRENDER M\u00c1S\t\u00bb background_color_value=\u00bbwhite\u00bb box_height=\u00bbadaptative\u00bb]<\/p>\n<p style=\"text-align: center;\"><span style=\"font-size: 14pt;\">Desde <strong>73\u20ac<\/strong><\/span><\/p>\n<p>[\/vc_page_custom][\/vc_column][vc_column width=\u00bb1\/4&#8243;][vc_page_custom title=\u00bbHABITACI\u00d3N FAMILIAR\u00bb page_id=\u00bb1019&#8243; orientation=\u00bbvertical\u00bb link_text=\u00bbAPRENDER M\u00c1S\t\u00bb background_color_value=\u00bbwhite\u00bb box_height=\u00bbadaptative\u00bb]<\/p>\n<p style=\"text-align: center;\"><span style=\"font-size: 14pt;\">Desde <strong>83\u20ac<\/strong><\/span><\/p>\n<p>[\/vc_page_custom][\/vc_column][\/vc_row][\/vc_section][vc_row][vc_column][vc_autre_hebergement title=\u00bbLITTLE SEVIGNE\u00bb page_id=\u00bb1068&#8243; price=\u00bb45&#8243;]Descubre un concepto \u00fanico a pocos pasos de la estaci\u00f3n de tren de Rennes.<\/p>\n<p>Disfruta de la comodidad de nuestras 15 habitaciones aunque gozas de una libertad total durante tu estancia, es el concepto de la residencia! Todas las habitaciones disponen en el espacio de cocina de un armario y un compartimento de nevera cerrado.[\/vc_autre_hebergement][vc_empty_space height=\u00bb40px\u00bb][\/vc_column][\/vc_row][vc_section full_width=\u00bbstretch_row\u00bb css=\u00bb.vc_custom_1521868811832{padding-top: 0px !important;padding-bottom: 50px !important;background-color: #ddedec !important;}\u00bb][vc_row full_width=\u00bbstretch_row\u00bb][vc_column][vc_google_map title=\u00bbEN EL CENTRO DE RENNES, CERCA DE LA ESTACI\u00d3N LGV\u00bb]<span style=\"font-size: 14pt;\"><strong>H\u00f4tel LE SEVIGNE<\/strong><\/span><br \/>\n47 Bis Avenue Jean Janvier<\/p>\n<p>35000 RENNES<\/p>\n<p>T\u00e9l\u00e9phone : 02.99.67.27.55<\/p>\n<p>email : hotellesevigne@free.fr<\/p>\n<p><strong><span style=\"font-size: 12pt;\">\u00c0 proximit\u00e9<\/span><\/strong><\/p>\n<ul>\n<li>TNB : 400 m<\/li>\n<li>Libert\u00e9 : 400 m<\/li>\n<li>Palais des Congr\u00e8s : 1,5 km<\/li>\n<li>Gare : 250 m<\/li>\n<\/ul>\n<p><span style=\"font-size: 12pt;\"><strong>Acc\u00e8s<\/strong><\/span><\/p>\n<ul>\n<li><a href=\"http:\/\/www.star.fr\/\" target=\"_blank\" rel=\"noopener\">M\u00e9tro A (arr\u00eat Gare)<\/a><\/li>\n<li><a href=\"http:\/\/www.star.fr\/\" target=\"_blank\" rel=\"noopener\">Bus n\u00b0 C1, C2, 11, 208, 41 ex, 203,207 (\u00abarr\u00eat Gare\u00bb \/ Gare routi\u00e8re)<\/a><\/li>\n<li>Voiture : Stationnement parking de la gare ou Charles de Gaulle<\/li>\n<li><a href=\"https:\/\/www.levelostar.fr\/\" target=\"_blank\" rel=\"noopener\">V\u00e9lo STAR : Station avenue Janvier<\/a><\/li>\n<\/ul>\n<p>[\/vc_google_map][\/vc_column][\/vc_row][\/vc_section]<\/p>\n<\/div>","protected":false},"excerpt":{"rendered":"<p>[vc_row][vc_column][vc_column_text] HABITACI\u00d3N INDIVIDUAL &#8211;\u00a0Hotel 3 estrellas Le S\u00e9vign\u00e9 [\/vc_column_text][vc_empty_space height=\u00bb20px\u00bb][layerslider_vc id=\u00bb3&#8243;][vc_column_text] DESCRIPCI\u00d3N DE LA HABITACI\u00d3N [\/vc_column_text][vc_empty_space height=\u00bb20px\u00bb][vc_column_text] \u00a1Disfruta de un precio barato con una peque\u00f1a cama!<span class=\"excerpt-hellip\"> [\u2026]<\/span><\/p>\n","protected":false},"author":1,"featured_media":4129,"parent":2628,"menu_order":4,"comment_status":"closed","ping_status":"closed","template":"","meta":{"_acf_changed":false,"footnotes":""},"class_list":["post-2715","page","type-page","status-publish","has-post-thumbnail","hentry"],"acf":[],"aioseo_notices":[],"_links":{"self":[{"href":"https:\/\/hotellesevigne.fr\/es\/wp-json\/wp\/v2\/pages\/2715","targetHints":{"allow":["GET"]}}],"collection":[{"href":"https:\/\/hotellesevigne.fr\/es\/wp-json\/wp\/v2\/pages"}],"about":[{"href":"https:\/\/hotellesevigne.fr\/es\/wp-json\/wp\/v2\/types\/page"}],"author":[{"embeddable":true,"href":"https:\/\/hotellesevigne.fr\/es\/wp-json\/wp\/v2\/users\/1"}],"replies":[{"embeddable":true,"href":"https:\/\/hotellesevigne.fr\/es\/wp-json\/wp\/v2\/comments?post=2715"}],"version-history":[{"count":32,"href":"https:\/\/hotellesevigne.fr\/es\/wp-json\/wp\/v2\/pages\/2715\/revisions"}],"predecessor-version":[{"id":3060,"href":"https:\/\/hotellesevigne.fr\/es\/wp-json\/wp\/v2\/pages\/2715\/revisions\/3060"}],"up":[{"embeddable":true,"href":"https:\/\/hotellesevigne.fr\/es\/wp-json\/wp\/v2\/pages\/2628"}],"wp:featuredmedia":[{"embeddable":true,"href":"https:\/\/hotellesevigne.fr\/es\/wp-json\/wp\/v2\/media\/4129"}],"wp:attachment":[{"href":"https:\/\/hotellesevigne.fr\/es\/wp-json\/wp\/v2\/media?parent=2715"}],"curies":[{"name":"wp","href":"https:\/\/api.w.org\/{rel}","templated":true}]}}