{"id":2825,"date":"2018-10-30T11:38:44","date_gmt":"2018-10-30T10:38:44","guid":{"rendered":"https:\/\/hotellesevigne.fr\/alojamiento\/las-habitaciones-de-la-residencia\/doble\/"},"modified":"2018-11-15T15:46:43","modified_gmt":"2018-11-15T14:46:43","slug":"doble","status":"publish","type":"page","link":"https:\/\/hotellesevigne.fr\/es\/alojamiento\/las-habitaciones-de-la-residencia\/doble\/","title":{"rendered":"Doble"},"content":{"rendered":"<div class=\"wpb-content-wrapper\"><p>[vc_row][vc_column][\/vc_column][\/vc_row][vc_row][vc_column][vc_column_text]<\/p>\n<h1><span lang=\"ES\">HABITACI\u00d3N\u00a0 DOBLE &#8211;\u00a0\u00a0RESIDENCIA HOTELERA EL LITTLE S\u00c9VIGN\u00c9<\/span><\/h1>\n<p>[\/vc_column_text][vc_empty_space height=\u00bb20px\u00bb][layerslider_vc id=\u00bb14&#8243;][vc_empty_space height=\u00bb20px\u00bb][vc_column_text]<\/p>\n<p style=\"text-align: center;\"><span style=\"font-size: 18pt;\"><strong><span style=\"color: #008080;\">Para cualquier solicitud de reserva de una habitaci\u00f3n en la residencia o para una reserva de grupo, por favor contacta con nosotros directamente en 02 99 67 27 55 o solicita un presupuesto<\/span><\/strong><\/span><\/p>\n<p>[\/vc_column_text][vc_empty_space height=\u00bb20px\u00bb][vc_btn title=\u00bbPRESUPUESTO LITTLE S\u00c9VIGN\u00c9\t\u00bb style=\u00bbcustom\u00bb custom_text=\u00bb#666666&#8243; shape=\u00bbsquare\u00bb align=\u00bbcenter\u00bb link=\u00bburl:http%3A%2F%2Fhotellesevigne.fr%2Fhebergement%2Fles-chambres-de-la-residence%2Fdevis-little-sevigne%2F|\u00bb el_class=\u00bbbutton_level1&#8243;][vc_empty_space height=\u00bb20px\u00bb][vc_column_text]<\/p>\n<h2 style=\"text-align: left;\">DESCRIPCI\u00d3N DE LA HABITACI\u00d3N<\/h2>\n<p>[\/vc_column_text][vc_empty_space height=\u00bb20px\u00bb][vc_column_text]Disfruta de una habitaci\u00f3n m\u00e1s grande y equipada con una cama de 140 cm. Todas las habitaciones tienen persianas enrollables, por lo que es muy oscuro. Dos de nuestras habitaciones dobles (sobre tres) tienen vistas a la parte trasera de la residencia.[\/vc_column_text][vc_column_text]<\/p>\n<h2 style=\"text-align: left;\">INSTALACIONES DE LA HABITACI\u00d3N<\/h2>\n<p>[\/vc_column_text][vc_empty_space height=\u00bb20px\u00bb][\/vc_column][\/vc_row][vc_row][vc_column width=\u00bb1\/3&#8243;][vc_column_text]<\/p>\n<ul>\n<li>Cama de 140cm<\/li>\n<li>Escritorio<\/li>\n<li>Armario<\/li>\n<\/ul>\n<p>[\/vc_column_text][\/vc_column][vc_column width=\u00bb1\/3&#8243;][vc_column_text]<\/p>\n<ul>\n<li>Ducha<\/li>\n<li>Secador de pelo<\/li>\n<li>Calentador de toallas<\/li>\n<\/ul>\n<p>[\/vc_column_text][\/vc_column][vc_column width=\u00bb1\/3&#8243;][vc_column_text]<\/p>\n<ul>\n<li>Tel\u00e9fono<\/li>\n<li>TV de pantalla plana<\/li>\n<li>beIN \/ Canal +<\/li>\n<\/ul>\n<p>[\/vc_column_text][\/vc_column][\/vc_row][vc_row][vc_column][vc_column_text]<\/p>\n<h2 style=\"text-align: left;\">LOS SERVICIOS DE LA RESIDENCIA<\/h2>\n<p>[\/vc_column_text][vc_empty_space height=\u00bb20px\u00bb][\/vc_column][\/vc_row][vc_row][vc_column width=\u00bb1\/3&#8243;][vc_column_text]<\/p>\n<ul>\n<li>Recepci\u00f3n abierta 7 d\u00edas a la semana, 24 horas al d\u00eda<\/li>\n<li>Servicio despertador<\/li>\n<li>Sala de equipajes<\/li>\n<\/ul>\n<p>[\/vc_column_text][\/vc_column][vc_column width=\u00bb1\/3&#8243;][vc_column_text]<\/p>\n<ul>\n<li>Ascensor<\/li>\n<li>Wi-Fi gratuito<\/li>\n<li>Aire acondicionado<\/li>\n<\/ul>\n<p>[\/vc_column_text][\/vc_column][vc_column width=\u00bb1\/3&#8243;][vc_column_text]<\/p>\n<ul>\n<li>Restaurantes cercanos<\/li>\n<li>Aparcamiento p\u00fablico a 200 metros<\/li>\n<\/ul>\n<p>[\/vc_column_text][\/vc_column][\/vc_row][vc_section full_width=\u00bbstretch_row\u00bb css=\u00bb.vc_custom_1521869173638{padding-top: 0px !important;padding-bottom: 50px !important;background-color: #f5f9f8 !important;}\u00bb][vc_row full_width=\u00bbstretch_row\u00bb][vc_column][vc_column_text]<\/p>\n<h2 style=\"text-align: center;\">NUESTRAS OTRAS HABITACIONES<\/h2>\n<p>[\/vc_column_text][\/vc_column][\/vc_row][vc_row][vc_column width=\u00bb1\/3&#8243;][vc_page_custom title=\u00bbVERY SMALL SINGLE\u00bb page_id=\u00bb1070&#8243; orientation=\u00bbvertical\u00bb link_text=\u00bbAPRENDER M\u00c1S\t\u00bb background_color_value=\u00bbwhite\u00bb box_height=\u00bbadaptative\u00bb]<\/p>\n<p style=\"text-align: center;\"><span style=\"font-size: 14pt;\">Desde <strong>45\u20ac<\/strong><\/span><\/p>\n<p>[\/vc_page_custom][\/vc_column][vc_column width=\u00bb1\/3&#8243;][vc_page_custom title=\u00bbHABITACI\u00d3N INDIVIDUAL\u00bb page_id=\u00bb1072&#8243; orientation=\u00bbvertical\u00bb link_text=\u00bbAPRENDER M\u00c1S\t\u00bb background_color_value=\u00bbwhite\u00bb box_height=\u00bbadaptative\u00bb]<\/p>\n<p style=\"text-align: center;\"><span style=\"font-size: 14pt;\">Desde <strong>50\u20ac<\/strong><\/span><\/p>\n<p>[\/vc_page_custom][\/vc_column][vc_column width=\u00bb1\/3&#8243;][vc_page_custom title=\u00bbHABITACI\u00d3N FAMILIAR\u00bb page_id=\u00bb1076&#8243; orientation=\u00bbvertical\u00bb link_text=\u00bbAPRENDER M\u00c1S\t\u00bb background_color_value=\u00bbwhite\u00bb box_height=\u00bbadaptative\u00bb]<\/p>\n<p style=\"text-align: center;\"><span style=\"font-size: 14pt;\">Desde <strong>70\u20ac<\/strong><\/span><\/p>\n<p>[\/vc_page_custom][\/vc_column][\/vc_row][\/vc_section][vc_row][vc_column][vc_autre_hebergement title=\u00bbHOTEL SEVIGNE\u00bb page_id=\u00bb235&#8243; price=\u00bb53&#8243;]Clasificado 3 estrellas y ubicado en el coraz\u00f3n de Rennes, ofrecemos 44 habitaciones: individuales, dobles est\u00e1ndar, confort, confort y familia.<\/p>\n<p>Es un ambiente de capullo, un ambiente acogedor, una decoraci\u00f3n refinada y, sobre todo, una bienvenida personalizada que te har\u00e1 sentir como en casa.<\/p>\n<p>Abierto las 24 horas del d\u00eda, el hotel Le S\u00e9vign\u00e9 cumplir\u00e1 todas sus expectativas.[\/vc_autre_hebergement][vc_empty_space height=\u00bb40px\u00bb][\/vc_column][\/vc_row][vc_section full_width=\u00bbstretch_row\u00bb css=\u00bb.vc_custom_1521868811832{padding-top: 0px !important;padding-bottom: 50px !important;background-color: #ddedec !important;}\u00bb][vc_row full_width=\u00bbstretch_row\u00bb][vc_column][vc_google_map title=\u00bbEN EL CENTRO DE RENNES, CERCA DE LA ESTACI\u00d3N LGV\u00bb]<span style=\"font-size: 14pt;\"><strong>H\u00f4tel LE SEVIGNE<\/strong><\/span><br \/>\n47 Bis Avenue Jean Janvier<\/p>\n<p>35000 RENNES<\/p>\n<p>T\u00e9l\u00e9phone : 02.99.67.27.55<\/p>\n<p>email : hotellesevigne@free.fr<\/p>\n<p><strong><span style=\"font-size: 12pt;\">\u00c0 proximit\u00e9<\/span><\/strong><\/p>\n<ul>\n<li>TNB : 400 m<\/li>\n<li>Libert\u00e9 : 400 m<\/li>\n<li>Palais des Congr\u00e8s : 1,5 km<\/li>\n<li>Gare : 250 m<\/li>\n<\/ul>\n<p><span style=\"font-size: 12pt;\"><strong>Acc\u00e8s<\/strong><\/span><\/p>\n<ul>\n<li><a href=\"http:\/\/www.star.fr\/\" target=\"_blank\" rel=\"noopener\">M\u00e9tro A (arr\u00eat Gare)<\/a><\/li>\n<li><a href=\"http:\/\/www.star.fr\/\" target=\"_blank\" rel=\"noopener\">Bus n\u00b0 C1, C2, 11, 208, 41 ex, 203,207 (\u00abarr\u00eat Gare\u00bb \/ Gare routi\u00e8re)<\/a><\/li>\n<li>Voiture : Stationnement parking de la gare ou Charles de Gaulle<\/li>\n<li><a href=\"https:\/\/www.levelostar.fr\/\" target=\"_blank\" rel=\"noopener\">V\u00e9lo STAR : Station avenue Janvier<\/a><\/li>\n<\/ul>\n<p>[\/vc_google_map][\/vc_column][\/vc_row][\/vc_section]<\/p>\n<\/div>","protected":false},"excerpt":{"rendered":"<p>[vc_row][vc_column][\/vc_column][\/vc_row][vc_row][vc_column][vc_column_text] HABITACI\u00d3N\u00a0 DOBLE &#8211;\u00a0\u00a0RESIDENCIA HOTELERA EL LITTLE S\u00c9VIGN\u00c9 [\/vc_column_text][vc_empty_space height=\u00bb20px\u00bb][layerslider_vc id=\u00bb14&#8243;][vc_empty_space height=\u00bb20px\u00bb][vc_column_text] Para cualquier solicitud de reserva de una habitaci\u00f3n en la residencia o para una<span class=\"excerpt-hellip\"> [\u2026]<\/span><\/p>\n","protected":false},"author":1,"featured_media":0,"parent":2765,"menu_order":3,"comment_status":"closed","ping_status":"closed","template":"","meta":{"_acf_changed":false,"footnotes":""},"class_list":["post-2825","page","type-page","status-publish","hentry"],"acf":[],"aioseo_notices":[],"_links":{"self":[{"href":"https:\/\/hotellesevigne.fr\/es\/wp-json\/wp\/v2\/pages\/2825","targetHints":{"allow":["GET"]}}],"collection":[{"href":"https:\/\/hotellesevigne.fr\/es\/wp-json\/wp\/v2\/pages"}],"about":[{"href":"https:\/\/hotellesevigne.fr\/es\/wp-json\/wp\/v2\/types\/page"}],"author":[{"embeddable":true,"href":"https:\/\/hotellesevigne.fr\/es\/wp-json\/wp\/v2\/users\/1"}],"replies":[{"embeddable":true,"href":"https:\/\/hotellesevigne.fr\/es\/wp-json\/wp\/v2\/comments?post=2825"}],"version-history":[{"count":33,"href":"https:\/\/hotellesevigne.fr\/es\/wp-json\/wp\/v2\/pages\/2825\/revisions"}],"predecessor-version":[{"id":3080,"href":"https:\/\/hotellesevigne.fr\/es\/wp-json\/wp\/v2\/pages\/2825\/revisions\/3080"}],"up":[{"embeddable":true,"href":"https:\/\/hotellesevigne.fr\/es\/wp-json\/wp\/v2\/pages\/2765"}],"wp:attachment":[{"href":"https:\/\/hotellesevigne.fr\/es\/wp-json\/wp\/v2\/media?parent=2825"}],"curies":[{"name":"wp","href":"https:\/\/api.w.org\/{rel}","templated":true}]}}