{"id":3177,"date":"2019-01-10T09:49:24","date_gmt":"2019-01-10T08:49:24","guid":{"rendered":"https:\/\/hotellesevigne.fr\/hotel-le-sevigne\/"},"modified":"2019-01-10T09:49:25","modified_gmt":"2019-01-10T08:49:25","slug":"hotel-le-sevigne","status":"publish","type":"page","link":"https:\/\/hotellesevigne.fr\/it\/hotel-le-sevigne\/","title":{"rendered":"H\u00d4TEL LE S\u00c9VIGN\u00c9"},"content":{"rendered":"<div class=\"wpb-content-wrapper\"><p>[vc_row][vc_column][vc_single_image image=&#8221;1405&#8243; img_size=&#8221;full&#8221;][vc_column_text]<\/p>\n<h1>H\u00f4tel Le S\u00e9vign\u00e9 a Rennes<\/h1>\n<h2>Un hotel 3 stelle nel centro<\/h2>\n<p>Situato in una posizione ideale vicino alla stazione ferroviaria, al palazzo dei congressi e al centro\u00a0 storico di Rennes, l&#8217;H\u00f4tel LE S\u00c9VIGN\u00c9 dispone di 44 camere completamente attrezzate. La nostra ospitalit\u00e0 personalizzata e professionale vi accompagner\u00e0 durante il vostro soggiorno sia che viaggiate per affari o con la vostra famiglia.<\/p>\n<p><a href=\"https:\/\/hotellesevigne.fr\/it\/sistemazione\/le-stanze-dellhotel\/\">Scoprire le camere<\/a><\/p>\n<h2>Un residence hotel a Rennes:<\/h2>\n<p>L&#8217;H\u00f4tel Le S\u00e9vign\u00e9 dispone anche di un residence hotel: Il Little S\u00e9vign\u00e9. Composto da 15 camere, il residence offre 4 diverse categorie di camere: dalle singole alle familiari. Il piano terra \u00e8 dedicato alla condivisione: troverete una cucina, un soggiorno e una terrazza disponibile per i residenti.<\/p>\n<p><a href=\"https:\/\/hotellesevigne.fr\/it\/hotel-le-sevigne\/un-residence-hotel-a-rennes\/\">Scoprire il concetto<\/a><\/p>\n<p><a href=\"https:\/\/hotellesevigne.fr\/it\/sistemazione\/le-stanze-della-residenza\/\">Scoprire le camere<\/a><\/p>\n<h2>Servizi e garanzie a vostra disposizione<\/h2>\n<p>Per garantirvi un soggiorno perfetto, mettiamo a vostra disposizione molti servizi e la nostra professionalit\u00e0 con una reception aperta 24\/7.<\/p>\n<p><a href=\"https:\/\/hotellesevigne.fr\/it\/hotel-le-sevigne\/i-nostri-servizi\/\">Scoprite i nostri servizi<\/a><\/p>\n<p>Una posizione ideale vicino alla stazione ferroviaria di Rennes<\/p>\n<p>Situata a 350 metri dalla stazione ferroviaria di Rennes, l&#8217;H\u00f4tel Le S\u00e9vign\u00e9 offre una posizione ideale vicino al cuore della citt\u00e0. Il nostro servizio bagagli \u00e8 a disposizione dei nostri clienti.<br \/>\n[\/vc_column_text][\/vc_column][\/vc_row][vc_row][vc_column][vc_google_map title=&#8221; &#8220;]<\/p>\n<h3>Hotel LE S\u00c9VIGN\u00c9<\/h3>\n<p>47 Bis Avenue Jean Janvier<\/p>\n<p>35000 RENNES<\/p>\n<p>Telefono: + 33 (0) 2 99 67 27 55<\/p>\n<p>Email: contact@hotellesevigne.com<\/p>\n<p>Nelle vicinanze<\/p>\n<ul>\n<li>TNB: (Teatro Nazionale della Bretagna) 400 m<\/li>\n<li>Libert\u00e9: 400 m<\/li>\n<li>Palazzo dei congressi: 1,5 km<\/li>\n<li>Stazione ferroviaria: 250 m<\/li>\n<\/ul>\n<p>Accesso<\/p>\n<ul>\n<li><a href=\"http:\/\/www.star.fr\/\">Metro linea A (fermata Gare)<\/a><\/li>\n<li><a href=\"http:\/\/www.star.fr\/\">Autobus n \u00b0 C1, C2, 11, 41 ex, 208, 203, 207 (\u201cfermata Gare\u201d \/ stazione degli autobus)<\/a><\/li>\n<li>Auto: Parcheggio della stazione o Charles de Gaulle<\/li>\n<li><a href=\"https:\/\/www.levelostar.fr\/\">Bicicletta V\u00e9lo STAR: Stazione Avenue Jean Janvier<\/a><\/li>\n<\/ul>\n<p>[\/vc_google_map][\/vc_column][\/vc_row][vc_row][vc_column][vc_empty_space height=&#8221;40px&#8221;][\/vc_column][\/vc_row]<\/p>\n<\/div>","protected":false},"excerpt":{"rendered":"<p>[vc_row][vc_column][vc_single_image image=&#8221;1405&#8243; img_size=&#8221;full&#8221;][vc_column_text] H\u00f4tel Le S\u00e9vign\u00e9 a Rennes Un hotel 3 stelle nel centro Situato in una posizione ideale vicino alla stazione ferroviaria, al palazzo dei<span class=\"excerpt-hellip\"> [\u2026]<\/span><\/p>\n","protected":false},"author":1,"featured_media":0,"parent":0,"menu_order":200,"comment_status":"closed","ping_status":"closed","template":"","meta":{"_acf_changed":false,"footnotes":""},"class_list":["post-3177","page","type-page","status-publish","hentry"],"acf":[],"aioseo_notices":[],"_links":{"self":[{"href":"https:\/\/hotellesevigne.fr\/it\/wp-json\/wp\/v2\/pages\/3177","targetHints":{"allow":["GET"]}}],"collection":[{"href":"https:\/\/hotellesevigne.fr\/it\/wp-json\/wp\/v2\/pages"}],"about":[{"href":"https:\/\/hotellesevigne.fr\/it\/wp-json\/wp\/v2\/types\/page"}],"author":[{"embeddable":true,"href":"https:\/\/hotellesevigne.fr\/it\/wp-json\/wp\/v2\/users\/1"}],"replies":[{"embeddable":true,"href":"https:\/\/hotellesevigne.fr\/it\/wp-json\/wp\/v2\/comments?post=3177"}],"version-history":[{"count":2,"href":"https:\/\/hotellesevigne.fr\/it\/wp-json\/wp\/v2\/pages\/3177\/revisions"}],"predecessor-version":[{"id":3179,"href":"https:\/\/hotellesevigne.fr\/it\/wp-json\/wp\/v2\/pages\/3177\/revisions\/3179"}],"wp:attachment":[{"href":"https:\/\/hotellesevigne.fr\/it\/wp-json\/wp\/v2\/media?parent=3177"}],"curies":[{"name":"wp","href":"https:\/\/api.w.org\/{rel}","templated":true}]}}