{"id":3191,"date":"2019-01-10T10:05:09","date_gmt":"2019-01-10T09:05:09","guid":{"rendered":"https:\/\/hotellesevigne.fr\/hotel-le-sevigne\/uno-spirito-di-famiglia\/"},"modified":"2019-01-10T10:05:10","modified_gmt":"2019-01-10T09:05:10","slug":"uno-spirito-di-famiglia","status":"publish","type":"page","link":"https:\/\/hotellesevigne.fr\/it\/hotel-le-sevigne\/uno-spirito-di-famiglia\/","title":{"rendered":"Uno spirito di famiglia"},"content":{"rendered":"<div class=\"wpb-content-wrapper\"><p>[vc_row][vc_column][vc_single_image image=&#8221;1330&#8243; img_size=&#8221;full&#8221; alignment=&#8221;center&#8221;][vc_column_text]<\/p>\n<h1>Un hotel familiare a Rennes<\/h1>\n<p>Soggiornare a l&#8217;H\u00f4tel Le S\u00e9vign\u00e9, \u00e8 sentirsi come a casa. Grazie alla disponibilit\u00e0 del nostro team, i nostri clienti godranno di un&#8217;accoglienza privilegiata e personalizzata. Le S\u00e9vign\u00e9 non \u00e8 una \u201ccatena alberghiera\u201d. Offriamo un ambiente unico, progettato per farvi sentire a casa.<\/p>\n<h2>Le nostre camere familiari<\/h2>\n<p>L\u2019H\u00f4tel Le S\u00e9vign\u00e9 a Rennes offre ai suoi clienti camere familiari per un massimo di 4 persone (2 adulti e 2 bambini). Composte da un letto doppio e un letto singolo, saranno perfette per le vostre esigenze. Approfittate delle grandi vasche da bagno delle nostre camere familiari.<\/p>\n<p><a href=\"https:\/\/hotellesevigne.fr\/it\/sistemazione\/le-stanze-dellhotel\/camera-familiare\/\">Vedere la descrizione della camera<\/a><\/p>\n<h2>Un hotel accogliente e tranquillo<\/h2>\n<p>L\u2019H\u00f4tel Le S\u00e9vign\u00e9 vi offre un luogo tranquillo e confortevole per i vostri soggiorni a Rennes. Grazie al nostro ambiente accogliente, i nostri clienti beneficiano di una posizione eccezionale vicino alla stazione ferroviaria senza rinunciare alla tranquillit\u00e0 dell&#8217;hotel. In tutte le nostre camere abbiamo installato vetri tripli per assicurarvi un soggiorno tranquillo nel nostro hotel.<br \/>\n[\/vc_column_text][vc_empty_space height=&#8221;40px&#8221;][\/vc_column][\/vc_row]<\/p>\n<\/div>","protected":false},"excerpt":{"rendered":"<p>[vc_row][vc_column][vc_single_image image=&#8221;1330&#8243; img_size=&#8221;full&#8221; alignment=&#8221;center&#8221;][vc_column_text] Un hotel familiare a Rennes Soggiornare a l&#8217;H\u00f4tel Le S\u00e9vign\u00e9, \u00e8 sentirsi come a casa. Grazie alla disponibilit\u00e0 del nostro team, i<span class=\"excerpt-hellip\"> [\u2026]<\/span><\/p>\n","protected":false},"author":1,"featured_media":0,"parent":3177,"menu_order":230,"comment_status":"closed","ping_status":"closed","template":"","meta":{"_acf_changed":false,"footnotes":""},"class_list":["post-3191","page","type-page","status-publish","hentry"],"acf":[],"aioseo_notices":[],"_links":{"self":[{"href":"https:\/\/hotellesevigne.fr\/it\/wp-json\/wp\/v2\/pages\/3191","targetHints":{"allow":["GET"]}}],"collection":[{"href":"https:\/\/hotellesevigne.fr\/it\/wp-json\/wp\/v2\/pages"}],"about":[{"href":"https:\/\/hotellesevigne.fr\/it\/wp-json\/wp\/v2\/types\/page"}],"author":[{"embeddable":true,"href":"https:\/\/hotellesevigne.fr\/it\/wp-json\/wp\/v2\/users\/1"}],"replies":[{"embeddable":true,"href":"https:\/\/hotellesevigne.fr\/it\/wp-json\/wp\/v2\/comments?post=3191"}],"version-history":[{"count":1,"href":"https:\/\/hotellesevigne.fr\/it\/wp-json\/wp\/v2\/pages\/3191\/revisions"}],"predecessor-version":[{"id":3192,"href":"https:\/\/hotellesevigne.fr\/it\/wp-json\/wp\/v2\/pages\/3191\/revisions\/3192"}],"up":[{"embeddable":true,"href":"https:\/\/hotellesevigne.fr\/it\/wp-json\/wp\/v2\/pages\/3177"}],"wp:attachment":[{"href":"https:\/\/hotellesevigne.fr\/it\/wp-json\/wp\/v2\/media?parent=3191"}],"curies":[{"name":"wp","href":"https:\/\/api.w.org\/{rel}","templated":true}]}}