{"id":3221,"date":"2019-01-10T10:21:52","date_gmt":"2019-01-10T09:21:52","guid":{"rendered":"https:\/\/hotellesevigne.fr\/sistemazione\/"},"modified":"2019-01-10T10:30:33","modified_gmt":"2019-01-10T09:30:33","slug":"sistemazione","status":"publish","type":"page","link":"https:\/\/hotellesevigne.fr\/it\/sistemazione\/","title":{"rendered":"SISTEMAZIONE"},"content":{"rendered":"<div class=\"wpb-content-wrapper\"><p>[vc_row][vc_column][vc_column_text]<\/p>\n<h1 style=\"text-align: left;\">I nostri alloggi a Rennes<\/h1>\n<h2 style=\"text-align: left;\">L\u2019H\u00f4tel Le S\u00e9vign\u00e9<\/h2>\n<p style=\"text-align: left;\">Hotel 3 stelle situato nel cuore di Rennes, proponiamo 44 camere: singole, doppie standard, comfort, grand comfort e familiare.<\/p>\n<p style=\"text-align: left;\">\u00c8 un\u2019atmosfera serena, un ambiente accogliente, una decorazione epurata e soprattutto un benvenuto personalizzato che vi far\u00e0 sentire come a casa!<\/p>\n<p style=\"text-align: left;\">Aperto 24 ore su 24, l&#8217;H\u00f4tel Le S\u00e9vign\u00e9 soddisfer\u00e0 tutte le vostre aspettative.<\/p>\n<h2 style=\"text-align: left;\">Il residence Little S\u00e9vign\u00e9<\/h2>\n<p style=\"text-align: left;\"><a href=\"https:\/\/youtu.be\/p9trNuc6Am4\">Scoprite il Little S\u00e9vign\u00e9 in video<\/a><\/p>\n<p style=\"text-align: left;\">Apprezzate la comodit\u00e0 delle nostre 15 camere beneficiando di una totale libert\u00e0 durante il vostro soggiorno, \u00e8 il concetto di residence! La decorazione \u00e8 moderna, gli spazi accoglienti e conviviali.<\/p>\n<p style=\"text-align: left;\">Potrete rilassarvi nel salone e leggere il vostro giornale o lavorare connessi alla nostra rete Wi-Fi di buona qualit\u00e0. La cucina vi permetter\u00e0 di preparare un buono pranzo. Ogni camera dispone nello spazio cucina di un armadio e di uno scompartimento frigorifero chiuso a chiave. Ma se non volete cucinare, potrete sempre farvi consegnare una pizza e mangiare nella sala da pranzo! In estate potrete godere della terrazza privativa che affaccia sul retro dell&#8217;hotel.<\/p>\n<p style=\"text-align: left;\">Viaggiate in piccoli gruppi (da 10 a 15 persone) per lavoro, per piacere, per un weekend o per un evento familiare? Il residence potr\u00e0 essere esclusivamente riservato a voi!<\/p>\n<p style=\"text-align: left;\">Pensateci: Questi due edifici si trovano vicino alla <a href=\"https:\/\/hotellesevigne.fr\/it\/hotel-le-sevigne\/uscire-a-rennes\/\">sala concerti Le Libert\u00e9 e del Teatro Nazionale della Bretagna (TNB)<\/a><\/p>\n<p>[\/vc_column_text][\/vc_column][\/vc_row][vc_row][vc_column][vc_empty_space height=&#8221;40px&#8221;][\/vc_column][\/vc_row][vc_section full_width=&#8221;stretch_row&#8221; css=&#8221;.vc_custom_1521869304456{padding-top: 0px !important;padding-bottom: 50px !important;background-color: #ddedec !important;}&#8221;][vc_row][vc_column][vc_column_text]<\/p>\n<h2 style=\"text-align: center;\">LA NOSTRA ALLOGGIO<\/h2>\n<p>[\/vc_column_text][vc_empty_space height=&#8221;20px&#8221;][\/vc_column][\/vc_row][vc_row][vc_column width=&#8221;1\/2&#8243;][vc_page_custom title=&#8221;L&#8217;H\u00d4TEL : LE S\u00c9VIGN\u00c9&#8221; page_id=&#8221;235&#8243; orientation=&#8221;vertical&#8221; link_text=&#8221;VEDERE LE CAMERE&#8221; background_color_value=&#8221;white&#8221; box_height=&#8221;adaptative&#8221;]Godetevi il comfort e l&#8217;atmosfera familiare di un hotel a 3 stelle nel cuore di Rennes e dei suoi numerosi luoghi di vita.[\/vc_page_custom][\/vc_column][vc_column width=&#8221;1\/2&#8243;][vc_page_custom title=&#8221;Il residence Little S\u00e9vign\u00e9&#8221; page_id=&#8221;1068&#8243; orientation=&#8221;vertical&#8221; link_text=&#8221;VEDERE LE CAMERE&#8221; background_color_value=&#8221;white&#8221; box_height=&#8221;adaptative&#8221;]Condividi un&#8217;esperienza unica in una residenza dove l&#8217;autonomia e la convivialit\u00e0 ti sedurranno.[\/vc_page_custom][\/vc_column][\/vc_row][\/vc_section]<\/p>\n<\/div>","protected":false},"excerpt":{"rendered":"<p>[vc_row][vc_column][vc_column_text] I nostri alloggi a Rennes L\u2019H\u00f4tel Le S\u00e9vign\u00e9 Hotel 3 stelle situato nel cuore di Rennes, proponiamo 44 camere: singole, doppie standard, comfort, grand comfort<span class=\"excerpt-hellip\"> [\u2026]<\/span><\/p>\n","protected":false},"author":1,"featured_media":0,"parent":0,"menu_order":300,"comment_status":"closed","ping_status":"closed","template":"","meta":{"_acf_changed":false,"footnotes":""},"class_list":["post-3221","page","type-page","status-publish","hentry"],"acf":[],"aioseo_notices":[],"_links":{"self":[{"href":"https:\/\/hotellesevigne.fr\/it\/wp-json\/wp\/v2\/pages\/3221","targetHints":{"allow":["GET"]}}],"collection":[{"href":"https:\/\/hotellesevigne.fr\/it\/wp-json\/wp\/v2\/pages"}],"about":[{"href":"https:\/\/hotellesevigne.fr\/it\/wp-json\/wp\/v2\/types\/page"}],"author":[{"embeddable":true,"href":"https:\/\/hotellesevigne.fr\/it\/wp-json\/wp\/v2\/users\/1"}],"replies":[{"embeddable":true,"href":"https:\/\/hotellesevigne.fr\/it\/wp-json\/wp\/v2\/comments?post=3221"}],"version-history":[{"count":9,"href":"https:\/\/hotellesevigne.fr\/it\/wp-json\/wp\/v2\/pages\/3221\/revisions"}],"predecessor-version":[{"id":3242,"href":"https:\/\/hotellesevigne.fr\/it\/wp-json\/wp\/v2\/pages\/3221\/revisions\/3242"}],"wp:attachment":[{"href":"https:\/\/hotellesevigne.fr\/it\/wp-json\/wp\/v2\/media?parent=3221"}],"curies":[{"name":"wp","href":"https:\/\/api.w.org\/{rel}","templated":true}]}}